{"id":27,"date":"2016-03-29T21:13:40","date_gmt":"2016-03-29T21:13:40","guid":{"rendered":"http:\/\/angelsport-teltow.de\/?page_id=27"},"modified":"2017-03-23T17:06:39","modified_gmt":"2017-03-23T17:06:39","slug":"angelkarten","status":"publish","type":"page","link":"https:\/\/angelsport-teltow.de\/?page_id=27","title":{"rendered":"Angelkarten &#038; Pr\u00fcfungen"},"content":{"rendered":"<p><strong>Sie k\u00f6nnen bei uns Angelkarten f\u00fcr nachfolgende Reviere erwerben:<\/strong><\/p>\n<ul>\n<li>\u2028Mitgliedschaft im DAFV<\/li>\n<\/ul>\n<p><strong>und Gastkarten f\u00fcr diese weiteren Reviere:<\/strong><\/p>\n<ul>\n<li>DAFV<\/li>\n<li>Teltow-Kanal<\/li>\n<li>Oder<\/li>\n<li>Havel<\/li>\n<li>Seddiner See<\/li>\n<li>Schlachtensee &amp; Krumme Lanke<\/li>\n<\/ul>\n<p>Besuchen Sie unsere Filiale in der Teltower Oderstra\u00dfe 45. Es sind ausreichend Parkpl\u00e4tze vorhanden.<\/p>\n","protected":false},"excerpt":{"rendered":"<p>Sie k\u00f6nnen bei uns Angelkarten f\u00fcr nachfolgende Reviere erwerben: \u2028Mitgliedschaft im DAFV und Gastkarten f\u00fcr diese weiteren Reviere: DAFV Teltow-Kanal Oder Havel Seddiner See Schlachtensee &amp; Krumme Lanke Besuchen Sie unsere Filiale in der Teltower Oderstra\u00dfe 45. Es sind ausreichend Parkpl\u00e4tze vorhanden.<\/p>\n","protected":false},"author":1,"featured_media":0,"parent":0,"menu_order":0,"comment_status":"closed","ping_status":"closed","template":"","meta":[],"_links":{"self":[{"href":"https:\/\/angelsport-teltow.de\/index.php?rest_route=\/wp\/v2\/pages\/27"}],"collection":[{"href":"https:\/\/angelsport-teltow.de\/index.php?rest_route=\/wp\/v2\/pages"}],"about":[{"href":"https:\/\/angelsport-teltow.de\/index.php?rest_route=\/wp\/v2\/types\/page"}],"author":[{"embeddable":true,"href":"https:\/\/angelsport-teltow.de\/index.php?rest_route=\/wp\/v2\/users\/1"}],"replies":[{"embeddable":true,"href":"https:\/\/angelsport-teltow.de\/index.php?rest_route=%2Fwp%2Fv2%2Fcomments&post=27"}],"version-history":[{"count":3,"href":"https:\/\/angelsport-teltow.de\/index.php?rest_route=\/wp\/v2\/pages\/27\/revisions"}],"predecessor-version":[{"id":89,"href":"https:\/\/angelsport-teltow.de\/index.php?rest_route=\/wp\/v2\/pages\/27\/revisions\/89"}],"wp:attachment":[{"href":"https:\/\/angelsport-teltow.de\/index.php?rest_route=%2Fwp%2Fv2%2Fmedia&parent=27"}],"curies":[{"name":"wp","href":"https:\/\/api.w.org\/{rel}","templated":true}]}}