{"id":29,"date":"2016-03-29T21:14:03","date_gmt":"2016-03-29T21:14:03","guid":{"rendered":"http:\/\/angelsport-teltow.de\/?page_id=29"},"modified":"2022-03-17T14:23:28","modified_gmt":"2022-03-17T14:23:28","slug":"impressum","status":"publish","type":"page","link":"https:\/\/angelsport-teltow.de\/?page_id=29","title":{"rendered":"Impressum"},"content":{"rendered":"<p><strong>Angelsport Teltow<\/strong><\/p>\n<p>Inhaber: J\u00f6rg Grimm<\/p>\n<p>Potsdamer Stra\u00dfe 61\/63 \u2028D-14513 Teltow<\/p>\n<p>USt-ID: DE 812 692 272<\/p>\n<p>Telefon 03328 \u2013 30 22 18<\/p>\n<p>Telefax 03328 \u2013 30 22 19<\/p>\n<p>Internet www.angelsport-teltow.de<\/p>\n<p>E-Mail:\u00a0<a href=\"mailto:angelsport-teltow@web.de\">angelsport-teltow@web.de<\/a><\/p>\n<p><strong>Haftungshinweis\u2028<\/strong><\/p>\n<p align=\"justify\">Die Inhalte dieser Website wurden sorgf\u00e4ltig gepr\u00fcft und nach bestem Wissen erstellt. Dennoch kann f\u00fcr die hier angebotenen Informationen kein Anspruch auf Vollst\u00e4ndigkeit, Aktualit\u00e4t, Qualit\u00e4t und Richtigkeit erhoben werden. Es kann dar\u00fcber hinaus keine Verantwortung f\u00fcr Sch\u00e4den \u00fcbernommen werden, die durch das Vertrauen auf die Inhalte dieser Website oder deren Gebrauch entsteht.\u2028Trotz sorgf\u00e4ltiger inhaltlicher Kontrolle \u00fcbernehme ich keine Haftung f\u00fcr die Inhalte externer Links. F\u00fcr den Inhalt der verlinkten Seiten sind ausschlie\u00dflich deren Betreiber verantwortlich.<\/p>\n<p><strong>Inhaltlich Verantwortlicher<\/strong><\/p>\n<p>J\u00f6rg Grimm (Adresse wie oben).<\/p>\n","protected":false},"excerpt":{"rendered":"<p>Angelsport Teltow Inhaber: J\u00f6rg Grimm Potsdamer Stra\u00dfe 61\/63 \u2028D-14513 Teltow USt-ID: DE 812 692 272 Telefon 03328 \u2013 30 22 18 Telefax 03328 \u2013 30 22 19 Internet www.angelsport-teltow.de E-Mail:\u00a0angelsport-teltow@web.de Haftungshinweis\u2028 Die Inhalte dieser Website wurden sorgf\u00e4ltig gepr\u00fcft und nach bestem Wissen erstellt. Dennoch kann f\u00fcr die hier angebotenen Informationen kein Anspruch auf Vollst\u00e4ndigkeit, Aktualit\u00e4t, Qualit\u00e4t und Richtigkeit erhoben werden. Es kann dar\u00fcber hinaus keine Verantwortung f\u00fcr Sch\u00e4den \u00fcbernommen werden, die durch das Vertrauen auf die Inhalte dieser Website oder deren Gebrauch entsteht.\u2028Trotz sorgf\u00e4ltiger inhaltlicher Kontrolle \u00fcbernehme ich keine Haftung f\u00fcr die Inhalte externer Links. F\u00fcr den Inhalt der verlinkten Seiten sind ausschlie\u00dflich deren Betreiber verantwortlich. Inhaltlich Verantwortlicher J\u00f6rg Grimm (Adresse wie oben).<\/p>\n","protected":false},"author":1,"featured_media":0,"parent":0,"menu_order":0,"comment_status":"closed","ping_status":"closed","template":"","meta":[],"_links":{"self":[{"href":"https:\/\/angelsport-teltow.de\/index.php?rest_route=\/wp\/v2\/pages\/29"}],"collection":[{"href":"https:\/\/angelsport-teltow.de\/index.php?rest_route=\/wp\/v2\/pages"}],"about":[{"href":"https:\/\/angelsport-teltow.de\/index.php?rest_route=\/wp\/v2\/types\/page"}],"author":[{"embeddable":true,"href":"https:\/\/angelsport-teltow.de\/index.php?rest_route=\/wp\/v2\/users\/1"}],"replies":[{"embeddable":true,"href":"https:\/\/angelsport-teltow.de\/index.php?rest_route=%2Fwp%2Fv2%2Fcomments&post=29"}],"version-history":[{"count":2,"href":"https:\/\/angelsport-teltow.de\/index.php?rest_route=\/wp\/v2\/pages\/29\/revisions"}],"predecessor-version":[{"id":86,"href":"https:\/\/angelsport-teltow.de\/index.php?rest_route=\/wp\/v2\/pages\/29\/revisions\/86"}],"wp:attachment":[{"href":"https:\/\/angelsport-teltow.de\/index.php?rest_route=%2Fwp%2Fv2%2Fmedia&parent=29"}],"curies":[{"name":"wp","href":"https:\/\/api.w.org\/{rel}","templated":true}]}}